{"id":63,"date":"2020-05-29T19:10:31","date_gmt":"2020-05-29T19:10:31","guid":{"rendered":"http:\/\/herbolariaquintaesencia.com\/index.php\/mi-cuenta\/"},"modified":"2023-06-30T22:49:11","modified_gmt":"2023-06-30T22:49:11","slug":"portal-de-estudiantes","status":"publish","type":"page","link":"https:\/\/herbolariaquintaesencia.com\/index.php\/portal-de-estudiantes\/","title":{"rendered":"Portal De Estudiantes"},"content":{"rendered":"\t\t<div data-elementor-type=\"wp-page\" data-elementor-id=\"63\" class=\"elementor elementor-63\" data-elementor-post-type=\"page\">\n\t\t\t\t\t\t<section class=\"elementor-section elementor-top-section elementor-element elementor-element-04e7bba elementor-section-height-min-height elementor-section-boxed elementor-section-height-default elementor-section-items-middle\" data-id=\"04e7bba\" data-element_type=\"section\" data-e-type=\"section\">\n\t\t\t\t\t\t<div class=\"elementor-container elementor-column-gap-default\">\n\t\t\t\t\t<div class=\"elementor-column elementor-col-100 elementor-top-column elementor-element elementor-element-fffbd80\" data-id=\"fffbd80\" data-element_type=\"column\" data-e-type=\"column\">\n\t\t\t<div class=\"elementor-widget-wrap elementor-element-populated\">\n\t\t\t\t\t\t<div class=\"elementor-element elementor-element-5effdad elementor-widget elementor-widget-image\" data-id=\"5effdad\" data-element_type=\"widget\" data-e-type=\"widget\" data-widget_type=\"image.default\">\n\t\t\t\t<div class=\"elementor-widget-container\">\n\t\t\t\t\t\t\t\t\t\t\t\t\t\t\t<img fetchpriority=\"high\" decoding=\"async\" width=\"800\" height=\"247\" src=\"https:\/\/herbolariaquintaesencia.com\/wp-content\/uploads\/2023\/05\/cropped-Original-2-1-1-1024x316.png\" class=\"attachment-large size-large wp-image-2227\" alt=\"\" srcset=\"https:\/\/herbolariaquintaesencia.com\/wp-content\/uploads\/2023\/05\/cropped-Original-2-1-1-1024x316.png 1024w, https:\/\/herbolariaquintaesencia.com\/wp-content\/uploads\/2023\/05\/cropped-Original-2-1-1-300x93.png 300w, https:\/\/herbolariaquintaesencia.com\/wp-content\/uploads\/2023\/05\/cropped-Original-2-1-1-768x237.png 768w, https:\/\/herbolariaquintaesencia.com\/wp-content\/uploads\/2023\/05\/cropped-Original-2-1-1-600x185.png 600w, https:\/\/herbolariaquintaesencia.com\/wp-content\/uploads\/2023\/05\/cropped-Original-2-1-1.png 1366w\" sizes=\"(max-width: 800px) 100vw, 800px\" \/>\t\t\t\t\t\t\t\t\t\t\t\t\t\t\t<\/div>\n\t\t\t\t<\/div>\n\t\t\t\t<div class=\"elementor-element elementor-element-10708ff elementor-widget elementor-widget-heading\" data-id=\"10708ff\" data-element_type=\"widget\" data-e-type=\"widget\" data-widget_type=\"heading.default\">\n\t\t\t\t<div class=\"elementor-widget-container\">\n\t\t\t\t\t<h3 class=\"elementor-heading-title elementor-size-default\">Iniciar Sesi\u00f3n<\/h3>\t\t\t\t<\/div>\n\t\t\t\t<\/div>\n\t\t\t\t<div class=\"elementor-element elementor-element-4e56f75 elementor-button-align-stretch elementor-widget elementor-widget-login\" data-id=\"4e56f75\" data-element_type=\"widget\" data-e-type=\"widget\" data-widget_type=\"login.default\">\n\t\t\t\t<div class=\"elementor-widget-container\">\n\t\t\t\t\t\t\t<form class=\"elementor-login elementor-form\" method=\"post\" action=\"https:\/\/herbolariaquintaesencia.com\/wp-login.php\" aria-label=\"Login form\">\n\t\t\t<input type=\"hidden\" name=\"redirect_to\" value=\"\/index.php\/wp-json\/wp\/v2\/pages\/63\">\n\t\t\t<div class=\"elementor-form-fields-wrapper\">\n\t\t\t\t<div class=\"elementor-field-type-text elementor-field-group elementor-column elementor-col-100 elementor-field-required\">\n\t\t\t\t\t<label for=\"user-4e56f75\" class=\"elementor-field-label\">Usuario o correo<\/label>\n\t\t\t\t\t<input size=\"1\" type=\"text\" name=\"log\" id=\"user-4e56f75\" placeholder=\"\" class=\"elementor-field elementor-field-textual elementor-size-sm\">\n\t\t\t\t<\/div>\n\t\t\t\t<div class=\"elementor-field-type-text elementor-field-group elementor-column elementor-col-100 elementor-field-required\">\n\t\t\t\t\t<label for=\"password-4e56f75\" class=\"elementor-field-label\">Contrase\u00f1a<\/label>\n\t\t\t\t\t<input size=\"1\" type=\"password\" name=\"pwd\" id=\"password-4e56f75\" placeholder=\"\" class=\"elementor-field elementor-field-textual elementor-size-sm\">\n\t\t\t\t<\/div>\n\n\t\t\t\t\t\t\t\t\t<div class=\"elementor-field-type-checkbox elementor-field-group elementor-column elementor-col-100 elementor-remember-me\">\n\t\t\t\t\t\t<label for=\"elementor-login-remember-me\">\n\t\t\t\t\t\t\t<input type=\"checkbox\" id=\"elementor-login-remember-me\" name=\"rememberme\" value=\"forever\">\n\t\t\t\t\t\t\tRecu\u00e9rdame\t\t\t\t\t\t<\/label>\n\t\t\t\t\t<\/div>\n\t\t\t\t\n\t\t\t\t<div class=\"elementor-field-group elementor-column elementor-field-type-submit elementor-col-100\">\n\t\t\t\t\t<button type=\"submit\" class=\"elementor-size-sm elementor-button\" name=\"wp-submit\">\n\t\t\t\t\t\t\t\t\t\t\t\t\t\t\t<span class=\"elementor-button-text\">Iniciar Sesi\u00f3n<\/span>\n\t\t\t\t\t\t\t\t\t\t\t\t<\/button>\n\t\t\t\t<\/div>\n\n\t\t\t\t\t\t\t\t\t<div class=\"elementor-field-group elementor-column elementor-col-100\">\n\t\t\t\t\t\t\t\t\t\t\t\t\t\t\t\t\t\t\t\t<a class=\"elementor-lost-password\" href=\"https:\/\/herbolariaquintaesencia.com\/wp-login.php?action=lostpassword&redirect_to=%2Findex.php%2Fwp-json%2Fwp%2Fv2%2Fpages%2F63\">\n\t\t\t\t\t\t\t\tLost your password?\t\t\t\t\t\t\t<\/a>\n\t\t\t\t\t\t\n\t\t\t\t\t\t\t\t\t\t\t<\/div>\n\t\t\t\t\t\t\t<\/div>\n\t\t<\/form>\n\t\t\t\t\t\t<\/div>\n\t\t\t\t<\/div>\n\t\t\t\t\t<\/div>\n\t\t<\/div>\n\t\t\t\t\t<\/div>\n\t\t<\/section>\n\t\t\t\t<section class=\"elementor-section elementor-top-section elementor-element elementor-element-62198e0 elementor-section-height-min-height elementor-section-items-top elementor-section-boxed elementor-section-height-default\" data-id=\"62198e0\" data-element_type=\"section\" data-e-type=\"section\" data-settings=\"{&quot;background_background&quot;:&quot;classic&quot;}\">\n\t\t\t\t\t\t<div class=\"elementor-container elementor-column-gap-default\">\n\t\t\t\t\t<div class=\"elementor-column elementor-col-50 elementor-top-column elementor-element elementor-element-b149b47\" data-id=\"b149b47\" data-element_type=\"column\" data-e-type=\"column\">\n\t\t\t<div class=\"elementor-widget-wrap elementor-element-populated\">\n\t\t\t\t\t\t<div class=\"elementor-element elementor-element-7815093b elementor-view-default elementor-widget elementor-widget-icon\" data-id=\"7815093b\" data-element_type=\"widget\" data-e-type=\"widget\" data-widget_type=\"icon.default\">\n\t\t\t\t<div class=\"elementor-widget-container\">\n\t\t\t\t\t\t\t<div class=\"elementor-icon-wrapper\">\n\t\t\t<a class=\"elementor-icon\" href=\"https:\/\/weycup.org\/\">\n\t\t\t<svg aria-hidden=\"true\" class=\"e-font-icon-svg e-fas-angle-double-left\" viewBox=\"0 0 448 512\" xmlns=\"http:\/\/www.w3.org\/2000\/svg\"><path d=\"M223.7 239l136-136c9.4-9.4 24.6-9.4 33.9 0l22.6 22.6c9.4 9.4 9.4 24.6 0 33.9L319.9 256l96.4 96.4c9.4 9.4 9.4 24.6 0 33.9L393.7 409c-9.4 9.4-24.6 9.4-33.9 0l-136-136c-9.5-9.4-9.5-24.6-.1-34zm-192 34l136 136c9.4 9.4 24.6 9.4 33.9 0l22.6-22.6c9.4-9.4 9.4-24.6 0-33.9L127.9 256l96.4-96.4c9.4-9.4 9.4-24.6 0-33.9L201.7 103c-9.4-9.4-24.6-9.4-33.9 0l-136 136c-9.5 9.4-9.5 24.6-.1 34z\"><\/path><\/svg>\t\t\t<\/a>\n\t\t<\/div>\n\t\t\t\t\t\t<\/div>\n\t\t\t\t<\/div>\n\t\t\t\t\t<\/div>\n\t\t<\/div>\n\t\t\t\t<div class=\"elementor-column elementor-col-50 elementor-top-column elementor-element elementor-element-36b3903\" data-id=\"36b3903\" data-element_type=\"column\" data-e-type=\"column\">\n\t\t\t<div class=\"elementor-widget-wrap\">\n\t\t\t\t\t\t\t<\/div>\n\t\t<\/div>\n\t\t\t\t\t<\/div>\n\t\t<\/section>\n\t\t\t\t<section class=\"elementor-section elementor-top-section elementor-element elementor-element-91e43c3 elementor-section-boxed elementor-section-height-default elementor-section-height-default\" data-id=\"91e43c3\" data-element_type=\"section\" data-e-type=\"section\">\n\t\t\t\t\t\t<div class=\"elementor-container elementor-column-gap-default\">\n\t\t\t\t\t<div class=\"elementor-column elementor-col-100 elementor-top-column elementor-element elementor-element-fe33847\" data-id=\"fe33847\" data-element_type=\"column\" data-e-type=\"column\">\n\t\t\t<div class=\"elementor-widget-wrap elementor-element-populated\">\n\t\t\t\t\t\t\t<\/div>\n\t\t<\/div>\n\t\t\t\t\t<\/div>\n\t\t<\/section>\n\t\t\t\t<section class=\"elementor-section elementor-top-section elementor-element elementor-element-70a96591 elementor-section-height-min-height elementor-section-full_width elementor-section-items-top elementor-section-height-default\" data-id=\"70a96591\" data-element_type=\"section\" data-e-type=\"section\" data-settings=\"{&quot;background_background&quot;:&quot;classic&quot;}\">\n\t\t\t\t\t\t<div class=\"elementor-container elementor-column-gap-default\">\n\t\t\t\t\t<div class=\"elementor-column elementor-col-50 elementor-top-column elementor-element elementor-element-34ef0fc8\" data-id=\"34ef0fc8\" data-element_type=\"column\" data-e-type=\"column\">\n\t\t\t<div class=\"elementor-widget-wrap elementor-element-populated\">\n\t\t\t\t\t\t<div class=\"elementor-element elementor-element-56e440d elementor-widget elementor-widget-image\" data-id=\"56e440d\" data-element_type=\"widget\" data-e-type=\"widget\" data-widget_type=\"image.default\">\n\t\t\t\t<div class=\"elementor-widget-container\">\n\t\t\t\t\t\t\t\t\t\t\t\t\t\t\t\t<a href=\"https:\/\/herbolariaquintaesencia.com\">\n\t\t\t\t\t\t\t<img decoding=\"async\" width=\"1366\" height=\"768\" src=\"https:\/\/herbolariaquintaesencia.com\/wp-content\/uploads\/2020\/06\/LOGO-sin-texto-azul.png\" class=\"attachment-full size-full wp-image-315\" alt=\"\" srcset=\"https:\/\/herbolariaquintaesencia.com\/wp-content\/uploads\/2020\/06\/LOGO-sin-texto-azul.png 1366w, https:\/\/herbolariaquintaesencia.com\/wp-content\/uploads\/2020\/06\/LOGO-sin-texto-azul-300x169.png 300w, https:\/\/herbolariaquintaesencia.com\/wp-content\/uploads\/2020\/06\/LOGO-sin-texto-azul-1024x576.png 1024w, https:\/\/herbolariaquintaesencia.com\/wp-content\/uploads\/2020\/06\/LOGO-sin-texto-azul-768x432.png 768w, https:\/\/herbolariaquintaesencia.com\/wp-content\/uploads\/2020\/06\/LOGO-sin-texto-azul-350x197.png 350w\" sizes=\"(max-width: 1366px) 100vw, 1366px\" \/>\t\t\t\t\t\t\t\t<\/a>\n\t\t\t\t\t\t\t\t\t\t\t\t\t\t\t<\/div>\n\t\t\t\t<\/div>\n\t\t\t\t\t<\/div>\n\t\t<\/div>\n\t\t\t\t<div class=\"elementor-column elementor-col-50 elementor-top-column elementor-element elementor-element-dd7a000\" data-id=\"dd7a000\" data-element_type=\"column\" data-e-type=\"column\">\n\t\t\t<div class=\"elementor-widget-wrap elementor-element-populated\">\n\t\t\t\t\t\t<div class=\"elementor-element elementor-element-6803f05 elementor-widget elementor-widget-heading\" data-id=\"6803f05\" data-element_type=\"widget\" data-e-type=\"widget\" data-widget_type=\"heading.default\">\n\t\t\t\t<div class=\"elementor-widget-container\">\n\t\t\t\t\t<h2 class=\"elementor-heading-title elementor-size-default\">Mi Cuenta<\/h2>\t\t\t\t<\/div>\n\t\t\t\t<\/div>\n\t\t\t\t\t<\/div>\n\t\t<\/div>\n\t\t\t\t\t<\/div>\n\t\t<\/section>\n\t\t\t\t<section class=\"elementor-section elementor-top-section elementor-element elementor-element-73d188c2 elementor-section-height-min-height elementor-section-items-top elementor-section-boxed elementor-section-height-default\" data-id=\"73d188c2\" data-element_type=\"section\" data-e-type=\"section\">\n\t\t\t\t\t\t<div class=\"elementor-container elementor-column-gap-default\">\n\t\t\t\t\t<div class=\"elementor-column elementor-col-100 elementor-top-column elementor-element elementor-element-4f35bdc5\" data-id=\"4f35bdc5\" data-element_type=\"column\" data-e-type=\"column\">\n\t\t\t<div class=\"elementor-widget-wrap\">\n\t\t\t\t\t\t\t<\/div>\n\t\t<\/div>\n\t\t\t\t\t<\/div>\n\t\t<\/section>\n\t\t\t\t<section class=\"elementor-section elementor-top-section elementor-element elementor-element-f1736df elementor-section-boxed elementor-section-height-default elementor-section-height-default\" data-id=\"f1736df\" data-element_type=\"section\" data-e-type=\"section\">\n\t\t\t\t\t\t<div class=\"elementor-container elementor-column-gap-default\">\n\t\t\t\t\t<div class=\"elementor-column elementor-col-33 elementor-top-column elementor-element elementor-element-8a7b1fa\" data-id=\"8a7b1fa\" data-element_type=\"column\" data-e-type=\"column\">\n\t\t\t<div class=\"elementor-widget-wrap elementor-element-populated\">\n\t\t\t\t\t\t<div class=\"elementor-element elementor-element-febe850 elementor-widget elementor-widget-image\" data-id=\"febe850\" data-element_type=\"widget\" data-e-type=\"widget\" data-widget_type=\"image.default\">\n\t\t\t\t<div class=\"elementor-widget-container\">\n\t\t\t\t\t\t\t\t\t\t\t\t\t\t\t\t<a href=\"https:\/\/herbolariaquintaesencia.com\/index.php\/quintaesencia-suscripcion\/\">\n\t\t\t\t\t\t\t<img decoding=\"async\" width=\"800\" height=\"800\" src=\"https:\/\/herbolariaquintaesencia.com\/wp-content\/uploads\/2023\/06\/2-1024x1024.jpg\" class=\"attachment-large size-large wp-image-2310\" alt=\"\" srcset=\"https:\/\/herbolariaquintaesencia.com\/wp-content\/uploads\/2023\/06\/2-1024x1024.jpg 1024w, https:\/\/herbolariaquintaesencia.com\/wp-content\/uploads\/2023\/06\/2-300x300.jpg 300w, https:\/\/herbolariaquintaesencia.com\/wp-content\/uploads\/2023\/06\/2-150x150.jpg 150w, https:\/\/herbolariaquintaesencia.com\/wp-content\/uploads\/2023\/06\/2-768x768.jpg 768w, https:\/\/herbolariaquintaesencia.com\/wp-content\/uploads\/2023\/06\/2-600x600.jpg 600w, https:\/\/herbolariaquintaesencia.com\/wp-content\/uploads\/2023\/06\/2-100x100.jpg 100w, https:\/\/herbolariaquintaesencia.com\/wp-content\/uploads\/2023\/06\/2.jpg 1080w\" sizes=\"(max-width: 800px) 100vw, 800px\" \/>\t\t\t\t\t\t\t\t<\/a>\n\t\t\t\t\t\t\t\t\t\t\t\t\t\t\t<\/div>\n\t\t\t\t<\/div>\n\t\t\t\t<div class=\"elementor-element elementor-element-6534fa3 elementor-align-center elementor-mobile-align-center elementor-widget elementor-widget-button\" data-id=\"6534fa3\" data-element_type=\"widget\" data-e-type=\"widget\" data-widget_type=\"button.default\">\n\t\t\t\t<div class=\"elementor-widget-container\">\n\t\t\t\t\t\t\t\t\t<div class=\"elementor-button-wrapper\">\n\t\t\t\t\t<a class=\"elementor-button elementor-button-link elementor-size-md\" href=\"http:\/\/herbolariaquintaesencia.com\">\n\t\t\t\t\t\t<span class=\"elementor-button-content-wrapper\">\n\t\t\t\t\t\t\t\t\t<span class=\"elementor-button-text\">Entrar a la formaci\u00f3n<\/span>\n\t\t\t\t\t<\/span>\n\t\t\t\t\t<\/a>\n\t\t\t\t<\/div>\n\t\t\t\t\t\t\t\t<\/div>\n\t\t\t\t<\/div>\n\t\t\t\t\t<\/div>\n\t\t<\/div>\n\t\t\t\t<div class=\"elementor-column elementor-col-33 elementor-top-column elementor-element elementor-element-f71c270\" data-id=\"f71c270\" data-element_type=\"column\" data-e-type=\"column\" data-settings=\"{&quot;background_background&quot;:&quot;classic&quot;}\">\n\t\t\t<div class=\"elementor-widget-wrap elementor-element-populated\">\n\t\t\t\t\t\t<div class=\"elementor-element elementor-element-83cad71 elementor-widget elementor-widget-image\" data-id=\"83cad71\" data-element_type=\"widget\" data-e-type=\"widget\" data-widget_type=\"image.default\">\n\t\t\t\t<div class=\"elementor-widget-container\">\n\t\t\t\t\t\t\t\t\t\t\t\t\t\t\t\t<a href=\"https:\/\/herbolariaquintaesencia.com\/index.php\/invitacion-fundamentos-de-la-herbolaria\/\">\n\t\t\t\t\t\t\t<img loading=\"lazy\" decoding=\"async\" width=\"500\" height=\"500\" src=\"https:\/\/herbolariaquintaesencia.com\/wp-content\/uploads\/2023\/04\/1-1.jpg\" class=\"attachment-large size-large wp-image-1918\" alt=\"\" srcset=\"https:\/\/herbolariaquintaesencia.com\/wp-content\/uploads\/2023\/04\/1-1.jpg 500w, https:\/\/herbolariaquintaesencia.com\/wp-content\/uploads\/2023\/04\/1-1-300x300.jpg 300w, https:\/\/herbolariaquintaesencia.com\/wp-content\/uploads\/2023\/04\/1-1-150x150.jpg 150w, https:\/\/herbolariaquintaesencia.com\/wp-content\/uploads\/2023\/04\/1-1-100x100.jpg 100w\" sizes=\"(max-width: 500px) 100vw, 500px\" \/>\t\t\t\t\t\t\t\t<\/a>\n\t\t\t\t\t\t\t\t\t\t\t\t\t\t\t<\/div>\n\t\t\t\t<\/div>\n\t\t\t\t<div class=\"elementor-element elementor-element-35aff3a elementor-align-center elementor-mobile-align-center elementor-widget elementor-widget-button\" data-id=\"35aff3a\" data-element_type=\"widget\" data-e-type=\"widget\" data-widget_type=\"button.default\">\n\t\t\t\t<div class=\"elementor-widget-container\">\n\t\t\t\t\t\t\t\t\t<div class=\"elementor-button-wrapper\">\n\t\t\t\t\t<a class=\"elementor-button elementor-button-link elementor-size-md\" href=\"http:\/\/herbolariaquintaesencia.com\">\n\t\t\t\t\t\t<span class=\"elementor-button-content-wrapper\">\n\t\t\t\t\t\t\t\t\t<span class=\"elementor-button-text\">Entrar a la formaci\u00f3n<\/span>\n\t\t\t\t\t<\/span>\n\t\t\t\t\t<\/a>\n\t\t\t\t<\/div>\n\t\t\t\t\t\t\t\t<\/div>\n\t\t\t\t<\/div>\n\t\t\t\t\t<\/div>\n\t\t<\/div>\n\t\t\t\t<div class=\"elementor-column elementor-col-33 elementor-top-column elementor-element elementor-element-32e3708\" data-id=\"32e3708\" data-element_type=\"column\" data-e-type=\"column\">\n\t\t\t<div class=\"elementor-widget-wrap elementor-element-populated\">\n\t\t\t\t\t\t<div class=\"elementor-element elementor-element-b60ada0 elementor-widget elementor-widget-image\" data-id=\"b60ada0\" data-element_type=\"widget\" data-e-type=\"widget\" data-widget_type=\"image.default\">\n\t\t\t\t<div class=\"elementor-widget-container\">\n\t\t\t\t\t\t\t\t\t\t\t\t\t\t\t\t<a href=\"https:\/\/herbolariaquintaesencia.com\/index.php\/quintaesencia-el-camino-del-herbalista\">\n\t\t\t\t\t\t\t<img loading=\"lazy\" decoding=\"async\" width=\"800\" height=\"800\" src=\"https:\/\/herbolariaquintaesencia.com\/wp-content\/uploads\/2023\/06\/Tu-camino-hacia-la-sabiduria-herbal-1024x1024.jpg\" class=\"attachment-large size-large wp-image-2309\" alt=\"\" srcset=\"https:\/\/herbolariaquintaesencia.com\/wp-content\/uploads\/2023\/06\/Tu-camino-hacia-la-sabiduria-herbal-1024x1024.jpg 1024w, https:\/\/herbolariaquintaesencia.com\/wp-content\/uploads\/2023\/06\/Tu-camino-hacia-la-sabiduria-herbal-300x300.jpg 300w, https:\/\/herbolariaquintaesencia.com\/wp-content\/uploads\/2023\/06\/Tu-camino-hacia-la-sabiduria-herbal-150x150.jpg 150w, https:\/\/herbolariaquintaesencia.com\/wp-content\/uploads\/2023\/06\/Tu-camino-hacia-la-sabiduria-herbal-768x768.jpg 768w, https:\/\/herbolariaquintaesencia.com\/wp-content\/uploads\/2023\/06\/Tu-camino-hacia-la-sabiduria-herbal-600x600.jpg 600w, https:\/\/herbolariaquintaesencia.com\/wp-content\/uploads\/2023\/06\/Tu-camino-hacia-la-sabiduria-herbal-100x100.jpg 100w, https:\/\/herbolariaquintaesencia.com\/wp-content\/uploads\/2023\/06\/Tu-camino-hacia-la-sabiduria-herbal.jpg 1080w\" sizes=\"(max-width: 800px) 100vw, 800px\" \/>\t\t\t\t\t\t\t\t<\/a>\n\t\t\t\t\t\t\t\t\t\t\t\t\t\t\t<\/div>\n\t\t\t\t<\/div>\n\t\t\t\t<div class=\"elementor-element elementor-element-5ba02f4 elementor-align-center elementor-mobile-align-center elementor-widget elementor-widget-button\" data-id=\"5ba02f4\" data-element_type=\"widget\" data-e-type=\"widget\" data-widget_type=\"button.default\">\n\t\t\t\t<div class=\"elementor-widget-container\">\n\t\t\t\t\t\t\t\t\t<div class=\"elementor-button-wrapper\">\n\t\t\t\t\t<a class=\"elementor-button elementor-button-link elementor-size-md\" href=\"http:\/\/herbolariaquintaesencia.com\">\n\t\t\t\t\t\t<span class=\"elementor-button-content-wrapper\">\n\t\t\t\t\t\t\t\t\t<span class=\"elementor-button-text\">Entrar a la formaci\u00f3n<\/span>\n\t\t\t\t\t<\/span>\n\t\t\t\t\t<\/a>\n\t\t\t\t<\/div>\n\t\t\t\t\t\t\t\t<\/div>\n\t\t\t\t<\/div>\n\t\t\t\t\t<\/div>\n\t\t<\/div>\n\t\t\t\t\t<\/div>\n\t\t<\/section>\n\t\t\t\t<section class=\"elementor-section elementor-top-section elementor-element elementor-element-59137e34 elementor-section-boxed elementor-section-height-default elementor-section-height-default\" data-id=\"59137e34\" data-element_type=\"section\" data-e-type=\"section\">\n\t\t\t\t\t\t<div class=\"elementor-container elementor-column-gap-default\">\n\t\t\t\t\t<div class=\"elementor-column elementor-col-25 elementor-top-column elementor-element elementor-element-5f559396\" data-id=\"5f559396\" data-element_type=\"column\" data-e-type=\"column\">\n\t\t\t<div class=\"elementor-widget-wrap\">\n\t\t\t\t\t\t\t<\/div>\n\t\t<\/div>\n\t\t\t\t<div class=\"elementor-column elementor-col-50 elementor-top-column elementor-element elementor-element-24bc4998\" data-id=\"24bc4998\" data-element_type=\"column\" data-e-type=\"column\">\n\t\t\t<div class=\"elementor-widget-wrap elementor-element-populated\">\n\t\t\t\t\t\t<div class=\"elementor-element elementor-element-a58c208 elementor-widget elementor-widget-image\" data-id=\"a58c208\" data-element_type=\"widget\" data-e-type=\"widget\" data-widget_type=\"image.default\">\n\t\t\t\t<div class=\"elementor-widget-container\">\n\t\t\t\t\t\t\t\t\t\t\t\t\t\t\t\t<a href=\"https:\/\/weycup.org\/\">\n\t\t\t\t\t\t\t<img loading=\"lazy\" decoding=\"async\" width=\"741\" height=\"568\" src=\"https:\/\/herbolariaquintaesencia.com\/wp-content\/uploads\/2020\/06\/cropped-Original.png\" class=\"elementor-animation-grow attachment-full size-full wp-image-779\" alt=\"\" srcset=\"https:\/\/herbolariaquintaesencia.com\/wp-content\/uploads\/2020\/06\/cropped-Original.png 741w, https:\/\/herbolariaquintaesencia.com\/wp-content\/uploads\/2020\/06\/cropped-Original-300x230.png 300w, https:\/\/herbolariaquintaesencia.com\/wp-content\/uploads\/2020\/06\/cropped-Original-600x460.png 600w\" sizes=\"(max-width: 741px) 100vw, 741px\" \/>\t\t\t\t\t\t\t\t<\/a>\n\t\t\t\t\t\t\t\t\t\t\t\t\t\t\t<\/div>\n\t\t\t\t<\/div>\n\t\t\t\t\t<\/div>\n\t\t<\/div>\n\t\t\t\t<div class=\"elementor-column elementor-col-25 elementor-top-column elementor-element elementor-element-694d1030\" data-id=\"694d1030\" data-element_type=\"column\" data-e-type=\"column\">\n\t\t\t<div class=\"elementor-widget-wrap\">\n\t\t\t\t\t\t\t<\/div>\n\t\t<\/div>\n\t\t\t\t\t<\/div>\n\t\t<\/section>\n\t\t\t\t<\/div>\n\t\t","protected":false},"excerpt":{"rendered":"<p>Iniciar Sesi\u00f3n Mi Cuenta [[woocommerce_my_account]] Escritorio Memberships Ordenes Mis descargas Mi direcci\u00f3n M\u00e9todos de pago Detalles de cuenta Subscriptions Salir Hola Juanpablo (\u00bfno eres Juanpablo? Cerrar sesi\u00f3n) Desde el panel de control de tu cuenta puedes ver tus pedidos recientes, gestionar tus direcciones de env\u00edo y facturaci\u00f3n y editar tu contrase\u00f1a y los detalles de [&hellip;]<\/p>\n","protected":false},"author":1,"featured_media":0,"parent":0,"menu_order":0,"comment_status":"closed","ping_status":"closed","template":"elementor_canvas","meta":{"footnotes":""},"class_list":["post-63","page","type-page","status-publish","hentry"],"_links":{"self":[{"href":"https:\/\/herbolariaquintaesencia.com\/index.php\/wp-json\/wp\/v2\/pages\/63","targetHints":{"allow":["GET"]}}],"collection":[{"href":"https:\/\/herbolariaquintaesencia.com\/index.php\/wp-json\/wp\/v2\/pages"}],"about":[{"href":"https:\/\/herbolariaquintaesencia.com\/index.php\/wp-json\/wp\/v2\/types\/page"}],"author":[{"embeddable":true,"href":"https:\/\/herbolariaquintaesencia.com\/index.php\/wp-json\/wp\/v2\/users\/1"}],"replies":[{"embeddable":true,"href":"https:\/\/herbolariaquintaesencia.com\/index.php\/wp-json\/wp\/v2\/comments?post=63"}],"version-history":[{"count":69,"href":"https:\/\/herbolariaquintaesencia.com\/index.php\/wp-json\/wp\/v2\/pages\/63\/revisions"}],"predecessor-version":[{"id":2899,"href":"https:\/\/herbolariaquintaesencia.com\/index.php\/wp-json\/wp\/v2\/pages\/63\/revisions\/2899"}],"wp:attachment":[{"href":"https:\/\/herbolariaquintaesencia.com\/index.php\/wp-json\/wp\/v2\/media?parent=63"}],"curies":[{"name":"wp","href":"https:\/\/api.w.org\/{rel}","templated":true}]}}